{"id":3282,"date":"2022-12-16T11:31:55","date_gmt":"2022-12-16T11:31:55","guid":{"rendered":"https:\/\/sizeez.com\/?page_id=3282"},"modified":"2023-03-13T10:08:25","modified_gmt":"2023-03-13T10:08:25","slug":"case-study-loui-rocks","status":"publish","type":"page","link":"https:\/\/sizeez.com\/en\/case-study-loui-rocks","title":{"rendered":"Case-Study loui.rocks"},"content":{"rendered":"\t\t<div data-elementor-type=\"wp-page\" data-elementor-id=\"3282\" class=\"elementor elementor-3282\">\n\t\t\t\t\t\t<section class=\"elementor-section elementor-top-section elementor-element elementor-element-2774922 elementor-section-stretched elementor-section-boxed elementor-section-height-default elementor-section-height-default\" data-id=\"2774922\" data-element_type=\"section\" data-settings=\"{&quot;stretch_section&quot;:&quot;section-stretched&quot;,&quot;background_background&quot;:&quot;classic&quot;}\">\n\t\t\t\t\t\t<div class=\"elementor-container elementor-column-gap-default\">\n\t\t\t\t\t<div class=\"elementor-column elementor-col-100 elementor-top-column elementor-element elementor-element-82af110\" data-id=\"82af110\" data-element_type=\"column\">\n\t\t\t<div class=\"elementor-widget-wrap elementor-element-populated\">\n\t\t\t\t\t\t<div class=\"elementor-element elementor-element-6271ffe elementor-widget elementor-widget-heading\" data-id=\"6271ffe\" data-element_type=\"widget\" data-widget_type=\"heading.default\">\n\t\t\t\t<div class=\"elementor-widget-container\">\n\t\t\t\t\t<h1 class=\"elementor-heading-title elementor-size-default\">Case-Study loui.rocks<\/h1>\t\t\t\t<\/div>\n\t\t\t\t<\/div>\n\t\t\t\t<div class=\"elementor-element elementor-element-17c3377 elementor-widget elementor-widget-text-editor\" data-id=\"17c3377\" data-element_type=\"widget\" data-widget_type=\"text-editor.default\">\n\t\t\t\t<div class=\"elementor-widget-container\">\n\t\t\t\t\t\t\t\t\t<p><strong>\u201eDie Zusammenarbeit mit dem sizeez-Team war sehr angenehm und unkompliziert. Die Integration verlief extrem schnell und einfach. Jetzt k\u00f6nnen wir unseren Kunden wirklich ein personalisiertes Einkaufserlebnis bieten.\u201c<\/strong><\/p>\t\t\t\t\t\t\t\t<\/div>\n\t\t\t\t<\/div>\n\t\t\t\t<div class=\"elementor-element elementor-element-023a0d5 elementor-widget elementor-widget-text-editor\" data-id=\"023a0d5\" data-element_type=\"widget\" data-widget_type=\"text-editor.default\">\n\t\t\t\t<div class=\"elementor-widget-container\">\n\t\t\t\t\t\t\t\t\t\u2013 Kristina J\u00fcrgensen, CEO von loui.rocks\t\t\t\t\t\t\t\t<\/div>\n\t\t\t\t<\/div>\n\t\t\t\t\t<\/div>\n\t\t<\/div>\n\t\t\t\t\t<\/div>\n\t\t<\/section>\n\t\t\t\t<section class=\"elementor-section elementor-top-section elementor-element elementor-element-3f6d07b elementor-section-boxed elementor-section-height-default elementor-section-height-default\" data-id=\"3f6d07b\" data-element_type=\"section\">\n\t\t\t\t\t\t<div class=\"elementor-container elementor-column-gap-default\">\n\t\t\t\t\t<div class=\"elementor-column elementor-col-100 elementor-top-column elementor-element elementor-element-b99211c\" data-id=\"b99211c\" data-element_type=\"column\">\n\t\t\t<div class=\"elementor-widget-wrap elementor-element-populated\">\n\t\t\t\t\t\t<div class=\"elementor-element elementor-element-bc5c867 elementor-widget elementor-widget-text-editor\" data-id=\"bc5c867\" data-element_type=\"widget\" data-widget_type=\"text-editor.default\">\n\t\t\t\t<div class=\"elementor-widget-container\">\n\t\t\t\t\t\t\t\t\t<h4>loui.rocks \u2013 celebrating your personality.<\/h4><p>Loui.rocks ist ein in Deutschland ans\u00e4ssiger Multibrand-Luxus-Online-Shop f\u00fcr Damen und Herren. Qualit\u00e4t, Authentizit\u00e4t und Einzigartigkeit \u2013 diese Werte sind das Fundament von loui.rocks. Mehr als 80 Luxusmarken werden im Gesch\u00e4ft und \u00fcber den Online-Shop verkauft, die Produkte gibt es in verschiedenen Konfektionsgr\u00f6\u00dfen. Loui.rocks nutzt die Gr\u00f6\u00dfenempfehlungsl\u00f6sung von sizeez, um seinen Kunden ein besseres Einkaufserlebnis zu bieten. Im Gegenzug profitiert auch das Unternehmen von einer Reduzierung der Retouren im Online-Shop.<span class=\"Apple-converted-space\">\u00a0<\/span><\/p>\t\t\t\t\t\t\t\t<\/div>\n\t\t\t\t<\/div>\n\t\t\t\t<div class=\"elementor-element elementor-element-6a0c8b3 elementor-widget elementor-widget-image\" data-id=\"6a0c8b3\" data-element_type=\"widget\" data-widget_type=\"image.default\">\n\t\t\t\t<div class=\"elementor-widget-container\">\n\t\t\t\t\t\t\t\t\t\t\t\t\t\t\t<img fetchpriority=\"high\" decoding=\"async\" width=\"958\" height=\"285\" src=\"https:\/\/sizeez.com\/wp-content\/uploads\/2022\/06\/logo-louis-rocks-01.png\" class=\"attachment-large size-large wp-image-2627\" alt=\"\" srcset=\"https:\/\/sizeez.com\/wp-content\/uploads\/2022\/06\/logo-louis-rocks-01.png 958w, https:\/\/sizeez.com\/wp-content\/uploads\/2022\/06\/logo-louis-rocks-01-300x89.png 300w, https:\/\/sizeez.com\/wp-content\/uploads\/2022\/06\/logo-louis-rocks-01-768x228.png 768w, https:\/\/sizeez.com\/wp-content\/uploads\/2022\/06\/logo-louis-rocks-01-260x77.png 260w, https:\/\/sizeez.com\/wp-content\/uploads\/2022\/06\/logo-louis-rocks-01-50x15.png 50w, https:\/\/sizeez.com\/wp-content\/uploads\/2022\/06\/logo-louis-rocks-01-150x45.png 150w\" sizes=\"(max-width: 958px) 100vw, 958px\" \/>\t\t\t\t\t\t\t\t\t\t\t\t\t\t\t<\/div>\n\t\t\t\t<\/div>\n\t\t\t\t<div class=\"elementor-element elementor-element-26503ff elementor-widget elementor-widget-text-editor\" data-id=\"26503ff\" data-element_type=\"widget\" data-widget_type=\"text-editor.default\">\n\t\t\t\t<div class=\"elementor-widget-container\">\n\t\t\t\t\t\t\t\t\t<h4>Die Herausforderung<\/h4><p>Die gr\u00f6\u00dfte Herausforderung f\u00fcr Verbraucher in einem Online-Shop mit mehreren Marken und unterschiedlichen Gr\u00f6\u00dfensystemen (US, EN, FR, DE etc.) besteht darin, die richtige Gr\u00f6\u00dfe zu finden.<br \/>Daf\u00fcr ist es erforderlich, dass der Kunde die Produkte der jeweiligen Marke gut kennt und in der Lage ist, die angegebene Konfektionsgr\u00f6\u00dfe in seine lokale Gr\u00f6\u00dfe umzurechnen. Die stetig wachsende Zahl der Modemarken macht das immer schwieriger. Der Kunde muss oft raten oder mehrere Gr\u00f6\u00dfen bestellen, um auf der sicheren Seite zu sein. <br \/>Eine digitale Gr\u00f6\u00dfenempfehlung wie sizeez kann diesen Stressfaktor durch den direkten Abgleich der K\u00f6rperma\u00dfe des Kunden mit den entsprechenden Gr\u00f6\u00dfentabellen beseitigen.<\/p>\t\t\t\t\t\t\t\t<\/div>\n\t\t\t\t<\/div>\n\t\t\t\t<div class=\"elementor-element elementor-element-da9ac42 elementor-widget elementor-widget-text-editor\" data-id=\"da9ac42\" data-element_type=\"widget\" data-widget_type=\"text-editor.default\">\n\t\t\t\t<div class=\"elementor-widget-container\">\n\t\t\t\t\t\t\t\t\t<h4>sizeez Shopware-Erweiterung beschleunigt die Integration<\/h4><p>Die Integration der sizeez-L\u00f6sung in das Online-Shop-System von loui.rocks war fast m\u00fchelos. Mit der sizeez-Erweiterung f\u00fcr Shopware und der begleitenden App f\u00fcr den Fotoaufnahmeprozess konnte das loui.rocks-Team unsere Gr\u00f6\u00dfenempfehlungsl\u00f6sung mit geringem Aufwand integrieren. Der gesamte Prozess erforderte keinen Entwickler, um Codes im Shop-System des Unternehmens zu \u00e4ndern. Alles wurde mit einfachen Mausklicks innerhalb des Shop-Backends erledigt.<\/p>\t\t\t\t\t\t\t\t<\/div>\n\t\t\t\t<\/div>\n\t\t\t\t<div class=\"elementor-element elementor-element-59095a7 elementor-widget elementor-widget-text-editor\" data-id=\"59095a7\" data-element_type=\"widget\" data-widget_type=\"text-editor.default\">\n\t\t\t\t<div class=\"elementor-widget-container\">\n\t\t\t\t\t\t\t\t\t<h4>sizeez Admin Portal zur einfachen Verwaltung von Gr\u00f6\u00dfentabellen<\/h4><p>Damit die Gr\u00f6\u00dfenempfehlung in einem Online-Shop richtig funktioniert, m\u00fcssen vorab Gr\u00f6\u00dfentabellen zu den Produktkategorien bei sizeez hinterlegt werden. F\u00fcr Multibrand-Online-Shops kann es eine Herausforderung sein, alle Gr\u00f6\u00dfentabellen in unser Backend einzugeben. Um dieses Problem zu l\u00f6sen, stellen wir ein Online-Tool f\u00fcr Shops zur Verf\u00fcgung, mit dem sie einfach Gr\u00f6\u00dfentabellen in unser System eingeben k\u00f6nnen. Die Benutzeroberfl\u00e4che ist gut gestaltet und einfach zu bedienen. Dar\u00fcber hinaus stellt das Tool \u00f6ffentlich zug\u00e4ngliche Gr\u00f6\u00dfentabellen zur Verf\u00fcgung, die einfach kopiert und f\u00fcr den eigenen Gebrauch in jedem Gesch\u00e4ft modifiziert werden k\u00f6nnen. Auch dies erfordert keine Programmierkenntnisse, alles kann per Mausklick und Texteingabe erledigt werden. <br \/>Auch f\u00fcr Multibrand-Shops wie loui.rocks ist die Verwaltung von Gr\u00f6\u00dfentabellen dank des Admin Portals sehr einfach.<\/p>\t\t\t\t\t\t\t\t<\/div>\n\t\t\t\t<\/div>\n\t\t\t\t<div class=\"elementor-element elementor-element-9f37343 elementor-widget elementor-widget-image\" data-id=\"9f37343\" data-element_type=\"widget\" data-widget_type=\"image.default\">\n\t\t\t\t<div class=\"elementor-widget-container\">\n\t\t\t\t\t\t\t\t\t\t\t\t\t\t\t<img decoding=\"async\" width=\"1024\" height=\"833\" src=\"https:\/\/sizeez.com\/wp-content\/uploads\/2022\/12\/case_study_presse_Louis.rocks_-1024x833.png\" class=\"attachment-large size-large wp-image-3230\" alt=\"\" srcset=\"https:\/\/sizeez.com\/wp-content\/uploads\/2022\/12\/case_study_presse_Louis.rocks_-1024x833.png 1024w, https:\/\/sizeez.com\/wp-content\/uploads\/2022\/12\/case_study_presse_Louis.rocks_-300x244.png 300w, https:\/\/sizeez.com\/wp-content\/uploads\/2022\/12\/case_study_presse_Louis.rocks_-768x625.png 768w, https:\/\/sizeez.com\/wp-content\/uploads\/2022\/12\/case_study_presse_Louis.rocks_-1536x1249.png 1536w, https:\/\/sizeez.com\/wp-content\/uploads\/2022\/12\/case_study_presse_Louis.rocks_-2048x1666.png 2048w, https:\/\/sizeez.com\/wp-content\/uploads\/2022\/12\/case_study_presse_Louis.rocks_-180x146.png 180w, https:\/\/sizeez.com\/wp-content\/uploads\/2022\/12\/case_study_presse_Louis.rocks_-50x41.png 50w, https:\/\/sizeez.com\/wp-content\/uploads\/2022\/12\/case_study_presse_Louis.rocks_-92x75.png 92w\" sizes=\"(max-width: 1024px) 100vw, 1024px\" \/>\t\t\t\t\t\t\t\t\t\t\t\t\t\t\t<\/div>\n\t\t\t\t<\/div>\n\t\t\t\t\t<\/div>\n\t\t<\/div>\n\t\t\t\t\t<\/div>\n\t\t<\/section>\n\t\t\t\t<section class=\"elementor-section elementor-top-section elementor-element elementor-element-483f884 elementor-section-stretched elementor-section-boxed elementor-section-height-default elementor-section-height-default\" data-id=\"483f884\" data-element_type=\"section\" data-settings=\"{&quot;stretch_section&quot;:&quot;section-stretched&quot;,&quot;background_background&quot;:&quot;classic&quot;}\">\n\t\t\t\t\t\t<div class=\"elementor-container elementor-column-gap-default\">\n\t\t\t\t\t<div class=\"elementor-column elementor-col-100 elementor-top-column elementor-element elementor-element-c019db3\" data-id=\"c019db3\" data-element_type=\"column\">\n\t\t\t<div class=\"elementor-widget-wrap elementor-element-populated\">\n\t\t\t\t\t\t<div class=\"elementor-element elementor-element-6b743dd elementor-widget elementor-widget-text-editor\" data-id=\"6b743dd\" data-element_type=\"widget\" data-widget_type=\"text-editor.default\">\n\t\t\t\t<div class=\"elementor-widget-container\">\n\t\t\t\t\t\t\t\t\t<h4>Das Ergebnis<\/h4><p>loui.rocks ist einer der ersten sizeez-Kunden. Die Integration von sizeez dauerte buchst\u00e4blich nur wenige Tage. Die Shopware-Erweiterung sizeez, die begleitende App und das Admin Portal f\u00fcr die Gr\u00f6\u00dfentabellenverwaltung machten eine m\u00fchelose Integration m\u00f6glich. Eine erh\u00f6hte Nutzung der sizeez-L\u00f6sung im loui.rocks-Online-Shop konnte direkt nach der Integration festgestellt werden, was sich sehr positiv auf die Conversion Rate auswirkt und zu weniger Retouren f\u00fchrt.<\/p>\t\t\t\t\t\t\t\t<\/div>\n\t\t\t\t<\/div>\n\t\t\t\t\t<\/div>\n\t\t<\/div>\n\t\t\t\t\t<\/div>\n\t\t<\/section>\n\t\t\t\t<\/div>\n\t\t","protected":false},"excerpt":{"rendered":"<p>Case-Study loui.rocks \u201eDie Zusammenarbeit mit dem sizeez-Team war sehr angenehm und unkompliziert. Die Integration verlief extrem schnell und einfach. Jetzt k\u00f6nnen wir unseren Kunden wirklich ein<span class=\"excerpt-hellip\"> [\u2026]<\/span><\/p>\n","protected":false},"author":2,"featured_media":0,"parent":0,"menu_order":0,"comment_status":"closed","ping_status":"closed","template":"","meta":{"inline_featured_image":false,"footnotes":""},"class_list":["post-3282","page","type-page","status-publish","hentry"],"_links":{"self":[{"href":"https:\/\/sizeez.com\/en\/wp-json\/wp\/v2\/pages\/3282","targetHints":{"allow":["GET"]}}],"collection":[{"href":"https:\/\/sizeez.com\/en\/wp-json\/wp\/v2\/pages"}],"about":[{"href":"https:\/\/sizeez.com\/en\/wp-json\/wp\/v2\/types\/page"}],"author":[{"embeddable":true,"href":"https:\/\/sizeez.com\/en\/wp-json\/wp\/v2\/users\/2"}],"replies":[{"embeddable":true,"href":"https:\/\/sizeez.com\/en\/wp-json\/wp\/v2\/comments?post=3282"}],"version-history":[{"count":0,"href":"https:\/\/sizeez.com\/en\/wp-json\/wp\/v2\/pages\/3282\/revisions"}],"wp:attachment":[{"href":"https:\/\/sizeez.com\/en\/wp-json\/wp\/v2\/media?parent=3282"}],"curies":[{"name":"wp","href":"https:\/\/api.w.org\/{rel}","templated":true}]}}